{"id":6585,"date":"2022-06-27T10:12:28","date_gmt":"2022-06-27T10:12:28","guid":{"rendered":"https:\/\/eurochrie.org\/2022\/?page_id=6585"},"modified":"2023-10-03T15:30:47","modified_gmt":"2023-10-03T15:30:47","slug":"view-paper-reviewers","status":"publish","type":"page","link":"https:\/\/eurochrie.org\/2023\/view-paper-reviewers\/","title":{"rendered":"List of Paper Reviewers"},"content":{"rendered":"<p>[vc_row full_width=&#8221;stretch_row_content_no_spaces&#8221; el_class=&#8221;maxheightbanner&#8221;][vc_column][cs_banner style=&#8221;with_breadcrumbs&#8221; enable_breadcrumbs=&#8221;&#8221; title=&#8221;List of Paper Reviewers&#8221; bg_image=&#8221;4226&#8243;][\/vc_column][\/vc_row][vc_row full_width=&#8221;stretch_row_content_no_spaces&#8221; disable_element=&#8221;yes&#8221; css=&#8221;.vc_custom_1656326309880{margin-top: 40px !important;margin-bottom: 20px !important;}&#8221;][vc_column][cs_headings style=&#8221;classic_btn&#8221; text_align=&#8221;text-center&#8221; enable_text_color=&#8221;on&#8221; title=&#8221;List of Paper Reviewers&#8221;]<strong>To uphold the quality of submissions at the annual EuroCHRIE conference, we established a dedicated Board of Reviewers that are tasked to uphold the quality of reviews for annual conference submissions.<\/strong><\/p>\n<p>We are grateful to reviewers of the EuroCHRIE family for their expert evaluation of the submissions in their respective fields of expertise.<\/p>\n<p style=\"font-weight: 400;\">Your contribution will be recognised in the conference proceedings and also on the official conference website. This is a great opportunity to expand your (inter)national academic network with prospects to be considered for the prestigious <em>Excellent Reviewer Award<\/em> for additional exposure and recognition in the wider ICHRIE community.<\/p>\n<p style=\"font-weight: 400;\"><strong>Dr. Danny Han<\/strong><br \/>\nEuroCHRIE Director of Research<\/p>\n<p>[\/cs_headings][vc_separator border_width=&#8221;2&#8243; css=&#8221;.vc_custom_1656325283818{margin-top: 30px !important;margin-bottom: 10px !important;}&#8221;][\/vc_column][\/vc_row][vc_row disable_element=&#8221;yes&#8221; css=&#8221;.vc_custom_1695769228431{margin-top: 50px !important;margin-bottom: 0px !important;}&#8221;][vc_column width=&#8221;1\/5&#8243;][\/vc_column][vc_column width=&#8221;1\/5&#8243;][vc_single_image image=&#8221;5333&#8243; alignment=&#8221;center&#8221; style=&#8221;vc_box_circle_2&#8243;][\/vc_column][vc_column width=&#8221;2\/5&#8243;][vc_column_text]<\/p>\n<h5 style=\"font-size: 20px; text-align: left; margin-bottom: 11px; margin-top: 27px;\">Dr. Vanessa de Oliviera Menezes<\/h5>\n<p style=\"text-align: left; font-size: 19px;\"><strong>Scientific Committee<\/strong><br \/>\nWittenborg University of Applied Sciences<\/p>\n<p>[\/vc_column_text][\/vc_column][vc_column width=&#8221;1\/5&#8243;][\/vc_column][\/vc_row][vc_row disable_element=&#8221;yes&#8221; css=&#8221;.vc_custom_1695769233034{margin-top: 0px !important;margin-bottom: 0px !important;}&#8221;][vc_column][vc_separator border_width=&#8221;2&#8243; css=&#8221;.vc_custom_1656325170772{margin-top: 20px !important;margin-bottom: 20px !important;}&#8221;][\/vc_column][\/vc_row][vc_row full_width=&#8221;stretch_row_content_no_spaces&#8221; css=&#8221;.vc_custom_1695769649034{margin-top: 20px !important;margin-bottom: 20px !important;}&#8221;][vc_column][cs_headings style=&#8221;classic_btn&#8221; text_align=&#8221;text-center&#8221; enable_text_color=&#8221;on&#8221; text=&#8221;EuroCHRIE 2023&#8217;s quality is greatly attributed to our dedicated Board of Reviewers, who generously offered their expert assessments in their respective fields. It&#8217;s important to acknowledge their exceptional interest and effort, especially considering their regular responsibilities. Collaborating with this committed group is always a pleasure, and we sincerely appreciate their time, dedication, and unwavering commitment to the EuroCHRIE family.&#8221; btn_style=&#8221;a-btn-2&#8243; button=&#8221;url:https%3A%2F%2Feurochrie.org%2F2023%2Fcontact-us%2F|title:Get%20in%20Touch%20%E2%86%92&#8243;]<strong>To uphold the quality of submissions at the annual EuroCHRIE conference, we established a dedicated Board of Reviewers that are tasked to uphold the quality of reviews for annual conference submissions.<\/strong><\/p>\n<p>We are grateful to reviewers of the EuroCHRIE family for their expert evaluation of the submissions in their respective fields of expertise.<\/p>\n<p style=\"font-weight: 400;\">Your contribution will be recognised in the conference proceedings and also on the official conference website. This is a great opportunity to expand your (inter)national academic network with prospects to be considered for the prestigious <em>Excellent Reviewer Award<\/em> for additional exposure and recognition in the wider ICHRIE community.<\/p>\n<p style=\"font-weight: 400;\"><strong>Dr. Danny Han<\/strong><br \/>\nEuroCHRIE Director of Research<\/p>\n<p>[\/cs_headings][\/vc_column][\/vc_row][vc_row css=&#8221;.vc_custom_1656329321857{margin-top: 40px !important;margin-bottom: 0px !important;}&#8221;][vc_column][vc_text_separator title=&#8221;Thanks to our Paper Reviewers&#8221; border_width=&#8221;2&#8243;][\/vc_column][\/vc_row][vc_row css=&#8221;.vc_custom_1695769403963{margin-top: 20px !important;margin-bottom: 20px !important;}&#8221; el_id=&#8221;reviews&#8221;][vc_column][vc_column_text]<\/p>\n<ul>\n<li><strong>Mehrnaz Alizadeh<\/strong><br \/>\nThe Hong Kong Polytechnic University<\/li>\n<li><strong>Martine Andraos<\/strong><br \/>\nFH Wien der WKW<\/li>\n<li><strong>Hannes Antonschmidt<\/strong><br \/>\nSRH Berlin University of Applied Sciences<\/li>\n<li><strong>Florian Aubke<\/strong><br \/>\nFH Wien der WKW<\/li>\n<li><strong>Iride Azara<\/strong><br \/>\nUniversity of Derby<\/li>\n<li><strong>Eudora Bangura<\/strong><br \/>\nLeeds Beckett University<\/li>\n<li><strong>Claudia Bauer-Kr\u00f6sbacher<\/strong><br \/>\nIMC Krems University of Applied Sciences<\/li>\n<li><strong>Bernhard Bichler<\/strong><br \/>\nFH Wien der WKW<\/li>\n<li><strong>Soyoung Boo<\/strong><br \/>\nGeorgia State University<\/li>\n<li><strong>Ralph Burbach<\/strong><br \/>\nTechnological University Dublin<\/li>\n<li><strong>Elizna Burger<\/strong><br \/>\nThe Vaal University of Technology<\/li>\n<li><strong>Ruiying Cai<\/strong><br \/>\nWashington State University<\/li>\n<li><strong>Licia Calvi<\/strong><br \/>\nBreda University of Applied Sciences<\/li>\n<li><strong>Mats Carlb\u00e4ck<\/strong><br \/>\n\u00d6rebro University<\/li>\n<li><strong>Irene Cheng Chu Chan<\/strong><br \/>\nMacao Institute for Tourism Studies<\/li>\n<li><strong>Huei Ju Chen<\/strong><br \/>\nNational Kaohsiung University of Hospitality and Tourism (NKUHT)<\/li>\n<li><strong>Zhaoyu Chen<\/strong><br \/>\nMacao Institute for Tourism Studies<\/li>\n<li><strong>Ekaterina Chevtaeva<\/strong><br \/>\nHong Kong Polyethnic University<\/li>\n<li><strong>Olgun Cicek<\/strong><br \/>\nCEENQA<\/li>\n<li><strong>June Elaine Clarke<\/strong><br \/>\nDelaware State University<\/li>\n<li><strong>Vanessa de Oliveira Menezes<\/strong><br \/>\nWittenborg University of Applied Sciences<\/li>\n<li><strong>Ganna Demydyuk<\/strong><br \/>\nLeiden University<\/li>\n<li><strong>Frederic Dimanche<\/strong><br \/>\nToronto Metropolitan University<\/li>\n<li><strong>Li Ding<\/strong><br \/>\nLyfe Institut<\/li>\n<li><strong>Claudia Dolezal<\/strong><br \/>\nIMC Krems University of Applied Sciences<\/li>\n<li><strong>Bruno Eeckels<\/strong><br \/>\nNew York University<\/li>\n<li><strong>Lars Falk<\/strong><br \/>\nUniversity College of Northern Denmark<\/li>\n<li><strong>Lyn Fawcett<\/strong><br \/>\nPrivate Academic Consultant, UK<\/li>\n<li><strong>Giancarlo Fedeli<\/strong><br \/>\nIMC Krems University of Applied Sciences<\/li>\n<li><strong>Sebastian Filep<\/strong><br \/>\nThe Hong Kong Polytechnic University<\/li>\n<li><strong>Klaus-Peter Fritz<\/strong><br \/>\nFH Wien der WKW<\/li>\n<li><strong>Emmanuel Gamor<\/strong><br \/>\nKoforidua Technical University<\/li>\n<li><strong>Sophie Gr\u00e4f<\/strong><br \/>\nFH Wien der WKW<\/li>\n<li><strong>Ulrike Gretzel<\/strong><br \/>\nIMC Krems University of Applied Sciences<\/li>\n<li><strong>Ulrich Gunter<\/strong><br \/>\nModul University Vienna<\/li>\n<li><strong>Henrik Halkier<\/strong><br \/>\nAalborg University<\/li>\n<li><strong>Anja Hergesell<\/strong><br \/>\nUniversity of Technology Sydney<\/li>\n<li><strong>James Higham<\/strong><br \/>\nUniversity of Otago<\/li>\n<li><strong>Clare Hindley<\/strong><br \/>\nIU International University of Applied Sciences<\/li>\n<li><strong>Elizabeth Ineson<\/strong><br \/>\nManchester Metropolitan University<\/li>\n<li><strong>Daniela Jelincic<\/strong><br \/>\nInstitute for Development and International Relations (IRMO), Croatia<\/li>\n<li><strong>Forough Jonghani<\/strong><br \/>\nUniversity of West London<\/li>\n<li><strong>Katalin Juh\u00e1sz-D\u00f3ra<\/strong><br \/>\nBudapest Business School<\/li>\n<li><strong>Bojana Kalenjuk Pivarski<\/strong><br \/>\nUniversity of Novi Sad<\/li>\n<li><strong>Olga Kampaxi<\/strong><br \/>\nUniversity College Birmingham<\/li>\n<li><strong>Annette Kappert<\/strong><br \/>\nBreda University of Applied Sciences<\/li>\n<li><strong>Mariya Katelieva<\/strong><br \/>\nFH Wien der WKW<\/li>\n<li><strong>Hema Kesa<\/strong><br \/>\nUniversity of Johannesburg<\/li>\n<li><strong>Jinman Kim<\/strong><br \/>\nTeikyo University<\/li>\n<li><strong>Jeroen Klijs<\/strong><br \/>\nBreda University of Applied Sciences<\/li>\n<li><strong>Yuliya Kolomoyets<\/strong><br \/>\nModul University Vienna<\/li>\n<li><strong>Alice Kondja<\/strong><br \/>\nThe Hong Kong Polytechnic University<\/li>\n<li><strong>Marketa Kubickova<\/strong><br \/>\nUniversity of South Carolina<\/li>\n<li><strong>Henri Kuokkanen<\/strong><br \/>\nInstitut Lyfe<\/li>\n<li><strong>Marija Lazarev Zivanovic<\/strong><br \/>\nUBIS<\/li>\n<li><strong>Maria del Pilar Leal Londo\u00f1o<\/strong><br \/>\nCETT Barcelona School of Tourism, Hospitality and Gastronomy<\/li>\n<li><strong>Kwang-Ho Lee<\/strong><br \/>\nBall State University<\/li>\n<li><strong>Sung Won Lee<\/strong><br \/>\nThe Pennsylvania State University<\/li>\n<li><strong>Tiffany Legendre<\/strong><br \/>\nUniversity of Houston<\/li>\n<li><strong>Willy Legrand<\/strong><br \/>\nIU International University of Applied Sciences<\/li>\n<li><strong>Christian Lendl<\/strong><br \/>\nIMC Krems University of Applied Sciences<\/li>\n<li><strong>Jiaqi Li<\/strong><br \/>\nThe Hong Kong Polytechnic University<\/li>\n<li><strong>Chih-Hsing Liu<\/strong><br \/>\nNational Kaohsiung University of Technology and Science<\/li>\n<li><strong>Erwin Losekoot<\/strong><br \/>\nNHLStenden University of Applied Sciences<\/li>\n<li><strong>Serena Lucrezi<\/strong><br \/>\nNorth-West University<\/li>\n<li><strong>Emily Ma<\/strong><br \/>\nUniversity of Surrey<\/li>\n<li><strong>Michael Mair<\/strong><br \/>\nFH Wien der WKW<\/li>\n<li><strong>Fanny Manner Baldeon<\/strong><br \/>\nThe Hong Kong Polytechnic University<\/li>\n<li><strong>Xavier Matteucci<\/strong><br \/>\nFH Wien der WKW<\/li>\n<li><strong>Christian Maurer<\/strong><br \/>\nIMC Krems University of Applied Sciences<\/li>\n<li><strong>Oswin Maurer<\/strong><br \/>\nThe Free University of Bozen-Bolzano<\/li>\n<li><strong>Josef Mazanec<\/strong><br \/>\nMODUL University Vienna<\/li>\n<li><strong>Detta Melia<\/strong><br \/>\nTechnological University Dublin<\/li>\n<li><strong>Ishmael Mensah<\/strong><br \/>\nUniversity of Cape Coast<\/li>\n<li><strong>Tracy Michaud<\/strong><br \/>\nUniversity of Southern Maine<\/li>\n<li><strong>Ady Milman<\/strong><br \/>\nUniversity of Central Florida<\/li>\n<li><strong>Simone Moretti<\/strong><br \/>\nBreda University of Applied Sciences<\/li>\n<li><strong>Kevin Murphy<\/strong><br \/>\nUniversity of Central Florida<\/li>\n<li><strong>Larissa Neuburger<\/strong><br \/>\nIMC Krems University of Applied Sciences<\/li>\n<li><strong>Irem \u00d6nder Neuhofer<\/strong><br \/>\nUniversity of Massachusetts Amherst<\/li>\n<li><strong>Marissa Orlowski<\/strong><br \/>\nUniversity of North Carolina Greensboro<\/li>\n<li><strong>Christoph Pachucki<\/strong><br \/>\nUniversity of Innsbruck<\/li>\n<li><strong>Luis Nobre Pereira<\/strong><br \/>\nUniversity of Algarve<\/li>\n<li><strong>Lidija Petri\u0107<\/strong><br \/>\nUniversity of Split<\/li>\n<li><strong>Ilona Pezenka<\/strong><br \/>\nFH Wien der WKW<\/li>\n<li><strong>Birgit Pikkemaat<\/strong><br \/>\nUniversity of Innsbruck<\/li>\n<li><strong>Smiljana Pivcevic<\/strong><br \/>\nUniversity of Split<\/li>\n<li><strong>Darko Prebezac<\/strong><br \/>\nUniversity of Zagreb<\/li>\n<li><strong>Steven Rhoden<\/strong><br \/>\nUniversity of Central Lancashire<\/li>\n<li><strong>Andrea Saayman<\/strong><br \/>\nNorth-West University<\/li>\n<li><strong>Taoufik Samaka<\/strong><br \/>\nWittenborg University of Applied Sciences<\/li>\n<li><strong>Han\u0131m Kader \u015eanl\u0131\u00f6z-\u00d6zgen<\/strong><br \/>\n\u00d6zyegin University<\/li>\n<li><strong>Raksmey Sann<\/strong><br \/>\nKhon Kaen University<\/li>\n<li><strong>Kathleen Scherf<\/strong><br \/>\nThompson Rivers University<\/li>\n<li><strong>Yvonne Sch\u00f6nauer<\/strong><br \/>\nISBA Internationale Studien- und Berufsakademie<\/li>\n<li><strong>Rai Shacklock<\/strong><br \/>\nEuroCHRIE, UK<\/li>\n<li><strong>Minjung Shin<\/strong><br \/>\nUniversity of Houston<\/li>\n<li><strong>Marianna Sigala<\/strong><br \/>\nSheffield Hallam University<\/li>\n<li><strong>Blanka \u0160imundi\u0107<\/strong><br \/>\nUniversity of Split<\/li>\n<li><strong>Carole Burton Sox<\/strong><br \/>\nColumbia College<\/li>\n<li><strong>Jason Stienmetz<\/strong><br \/>\nModul University Vienna<\/li>\n<li><strong>William Raymond Thibodeaux<\/strong><br \/>\nNicholls State University<\/li>\n<li><strong>Stephanie Tischler<\/strong><br \/>\nIMC Krems University of Applied Sciences<\/li>\n<li><strong>Claudia tom Dieck<\/strong><br \/>\nManchester Metropolitan University<\/li>\n<li><strong>Kristof Tomej<\/strong><br \/>\nUniversity of Southern Denmark<\/li>\n<li><strong>Renata Tomljenovic<\/strong><br \/>\nInstitute for Tourism, Croatia<\/li>\n<li><strong>Edwin Torres<\/strong><br \/>\nRochester Institute of Technology<\/li>\n<li><strong>Pasi Tuominen<\/strong><br \/>\nHaaga-helia University<\/li>\n<li><strong>Mustafa Uc<\/strong><br \/>\nWittenborg University of Applied Sciences<\/li>\n<li><strong>Sera Vada<\/strong><br \/>\nGriffith University<\/li>\n<li><strong>Arjan van Rheede<\/strong><br \/>\nHotelschool The Hague<\/li>\n<li><strong>Peter Varga<\/strong><br \/>\nEcole Hoteliere Lausanne<\/li>\n<li><strong>Ivana Volic<\/strong><br \/>\nIMC Krems University of Applied Sciences<\/li>\n<li><strong>Serena Volo<\/strong><br \/>\nFree University of Bozen-Bolzano<\/li>\n<li><strong>Bella Vongvisitsin<\/strong><br \/>\nThe Hong Kong Polytechnic University<\/li>\n<li><strong>Daniela Wagner<\/strong><br \/>\nFH Wien der WKW<\/li>\n<li><strong>Xuan Lorna Wang<\/strong><br \/>\nUniversity of Surrey<\/li>\n<li><strong>Jessika Weber Sabil<\/strong><br \/>\nBreda University of Applied Sciences<\/li>\n<li><strong>Chun Keung Wong<\/strong><br \/>\nThe Hong Kong Polytechnic University<\/li>\n<li><strong>Alan Yen<\/strong><br \/>\nBall State University<\/li>\n<li><strong>Seda Yetimo\u011flu<\/strong><br \/>\nNecmettin Erbakan University<\/li>\n<li><strong>Joanne Yu<\/strong><br \/>\nModul University Vienna<\/li>\n<li><strong>Anita Zehrer<\/strong><br \/>\nMCI The Entrepreneurial School<\/li>\n<li><strong>Bozana Zekan<\/strong><br \/>\nModul University Vienna<\/li>\n<li><strong>Paolo Hongbo Zhang<\/strong><br \/>\nThe Hong Kong Polytechnic University<\/li>\n<li><strong>Yan Zhong<\/strong><br \/>\nVirginia State University<\/li>\n<\/ul>\n<p>[\/vc_column_text][\/vc_column][\/vc_row]<\/p>\n","protected":false},"excerpt":{"rendered":"<p>[vc_row full_width=&#8221;stretch_row_content_no_spaces&#8221; el_class=&#8221;maxheightbanner&#8221;][vc_column][cs_banner style=&#8221;with_breadcrumbs&#8221; enable_breadcrumbs=&#8221;&#8221; title=&#8221;List of Paper Reviewers&#8221; bg_image=&#8221;4226&#8243;][\/vc_column][\/vc_row][vc_row full_width=&#8221;stretch_row_content_no_spaces&#8221; disable_element=&#8221;yes&#8221; css=&#8221;.vc_custom_1656326309880{margin-top: 40px !important;margin-bottom: 20px !important;}&#8221;][vc_column][cs_headings style=&#8221;classic_btn&#8221; text_align=&#8221;text-center&#8221; enable_text_color=&#8221;on&#8221; title=&#8221;List of &#8230;<\/p>\n","protected":false},"author":1,"featured_media":0,"parent":0,"menu_order":0,"comment_status":"closed","ping_status":"closed","template":"","meta":{"pgc_sgb_lightbox_settings":"","footnotes":""},"class_list":["post-6585","page","type-page","status-publish","hentry"],"featured_image_src":null,"featured_image_src_square":null,"_links":{"self":[{"href":"https:\/\/eurochrie.org\/2023\/wp-json\/wp\/v2\/pages\/6585","targetHints":{"allow":["GET"]}}],"collection":[{"href":"https:\/\/eurochrie.org\/2023\/wp-json\/wp\/v2\/pages"}],"about":[{"href":"https:\/\/eurochrie.org\/2023\/wp-json\/wp\/v2\/types\/page"}],"author":[{"embeddable":true,"href":"https:\/\/eurochrie.org\/2023\/wp-json\/wp\/v2\/users\/1"}],"replies":[{"embeddable":true,"href":"https:\/\/eurochrie.org\/2023\/wp-json\/wp\/v2\/comments?post=6585"}],"version-history":[{"count":55,"href":"https:\/\/eurochrie.org\/2023\/wp-json\/wp\/v2\/pages\/6585\/revisions"}],"predecessor-version":[{"id":13497,"href":"https:\/\/eurochrie.org\/2023\/wp-json\/wp\/v2\/pages\/6585\/revisions\/13497"}],"wp:attachment":[{"href":"https:\/\/eurochrie.org\/2023\/wp-json\/wp\/v2\/media?parent=6585"}],"curies":[{"name":"wp","href":"https:\/\/api.w.org\/{rel}","templated":true}]}}