{"id":6585,"date":"2022-06-27T10:12:28","date_gmt":"2022-06-27T10:12:28","guid":{"rendered":"https:\/\/eurochrie.org\/2022\/?page_id=6585"},"modified":"2022-07-07T10:50:04","modified_gmt":"2022-07-07T10:50:04","slug":"view-paper-reviewers","status":"publish","type":"page","link":"https:\/\/eurochrie.org\/2022\/paper-poster-reviewers\/view-paper-reviewers\/","title":{"rendered":"List of Paper Reviewers"},"content":{"rendered":"<p>[vc_row full_width=&#8221;stretch_row_content_no_spaces&#8221; el_class=&#8221;maxheightbanner&#8221;][vc_column][cs_banner style=&#8221;with_breadcrumbs&#8221; enable_breadcrumbs=&#8221;on&#8221; breadcrumbs=&#8221;%5B%7B%22item%22%3A%22url%3Ahttps%253A%252F%252Feurochrie.org%252F2022%252Fpaper-poster-reviewers%252F%7Ctitle%3APaper%2520%2526%2520Poster%2520Reviewers%22%7D%5D&#8221; title=&#8221;List of Paper Reviewers&#8221; bg_image=&#8221;4226&#8243;][\/vc_column][\/vc_row][vc_row full_width=&#8221;stretch_row_content_no_spaces&#8221; disable_element=&#8221;yes&#8221; css=&#8221;.vc_custom_1656326309880{margin-top: 40px !important;margin-bottom: 20px !important;}&#8221;][vc_column][cs_headings style=&#8221;classic_btn&#8221; text_align=&#8221;text-center&#8221; enable_text_color=&#8221;on&#8221; title=&#8221;List of Paper Reviewers&#8221;]<strong>To uphold the quality of submissions at the annual EuroCHRIE conference, we established a dedicated Board of Reviewers that are tasked to uphold the quality of reviews for annual conference submissions.<\/strong><\/p>\n<p>We are grateful to reviewers of the EuroCHRIE family for their expert evaluation of the submissions in their respective fields of expertise.<\/p>\n<p style=\"font-weight: 400;\">Your contribution will be recognised in the conference proceedings and also on the official conference website. This is a great opportunity to expand your (inter)national academic network with prospects to be considered for the prestigious <em>Excellent Reviewer Award<\/em> for additional exposure and recognition in the wider ICHRIE community.<\/p>\n<p style=\"font-weight: 400;\"><strong>Dr. Danny Han<\/strong><br \/>\nEuroCHRIE Director of Research<\/p>\n<p>[\/cs_headings][vc_separator border_width=&#8221;2&#8243; css=&#8221;.vc_custom_1656325283818{margin-top: 30px !important;margin-bottom: 10px !important;}&#8221;][\/vc_column][\/vc_row][vc_row css=&#8221;.vc_custom_1656326442766{margin-top: 50px !important;margin-bottom: 0px !important;}&#8221;][vc_column width=&#8221;1\/5&#8243;][\/vc_column][vc_column width=&#8221;1\/5&#8243;][vc_single_image image=&#8221;5333&#8243; alignment=&#8221;center&#8221; style=&#8221;vc_box_circle_2&#8243;][\/vc_column][vc_column width=&#8221;2\/5&#8243;][vc_column_text]<\/p>\n<h5 style=\"font-size: 20px; text-align: left; margin-bottom: 11px; margin-top: 27px;\">Dr. Vanessa de Oliviera Menezes<\/h5>\n<p style=\"text-align: left; font-size: 19px;\"><strong>Scientific Committee<\/strong><br \/>\nWittenborg University of Applied Sciences<\/p>\n<p>[\/vc_column_text][\/vc_column][vc_column width=&#8221;1\/5&#8243;][\/vc_column][\/vc_row][vc_row css=&#8221;.vc_custom_1656326428019{margin-top: 0px !important;margin-bottom: 0px !important;}&#8221;][vc_column][vc_separator border_width=&#8221;2&#8243; css=&#8221;.vc_custom_1656325170772{margin-top: 20px !important;margin-bottom: 20px !important;}&#8221;][\/vc_column][\/vc_row][vc_row full_width=&#8221;stretch_row_content_no_spaces&#8221; css=&#8221;.vc_custom_1656325979599{margin-top: 0px !important;margin-bottom: 20px !important;}&#8221;][vc_column][cs_headings style=&#8221;classic_btn&#8221; text_align=&#8221;text-center&#8221; enable_text_color=&#8221;on&#8221; text=&#8221;The quality of EuroCHRIE 2022 is established, in great part, by a dedicated Board of Reviewers that shared their expert evaluation for submissions in their respective fields of expertise. This dedicated group of people should be recognized for their interest and effort which is especially notable given your normal responsibilities.<\/p>\n<p>It is always a pleasure to work with them and we appreciate their time, dedication, and commitment to the EuroCHRIE family.&#8221; btn_style=&#8221;a-btn-4&#8243; button=&#8221;url:https%3A%2F%2Feurochrie.org%2F2022%2Fcontact-us%2F|title:Get%20in%20Touch%20%E2%86%92&#8243;]<strong>To uphold the quality of submissions at the annual EuroCHRIE conference, we established a dedicated Board of Reviewers that are tasked to uphold the quality of reviews for annual conference submissions.<\/strong><\/p>\n<p>We are grateful to reviewers of the EuroCHRIE family for their expert evaluation of the submissions in their respective fields of expertise.<\/p>\n<p style=\"font-weight: 400;\">Your contribution will be recognised in the conference proceedings and also on the official conference website. This is a great opportunity to expand your (inter)national academic network with prospects to be considered for the prestigious <em>Excellent Reviewer Award<\/em> for additional exposure and recognition in the wider ICHRIE community.<\/p>\n<p style=\"font-weight: 400;\"><strong>Dr. Danny Han<\/strong><br \/>\nEuroCHRIE Director of Research<\/p>\n<p>[\/cs_headings][\/vc_column][\/vc_row][vc_row css=&#8221;.vc_custom_1656329321857{margin-top: 40px !important;margin-bottom: 0px !important;}&#8221;][vc_column][vc_text_separator title=&#8221;Thanks to our Paper Reviewers&#8221; border_width=&#8221;2&#8243;][\/vc_column][\/vc_row][vc_row css=&#8221;.vc_custom_1656329306910{margin-top: 20px !important;margin-bottom: 20px !important;}&#8221;][vc_column width=&#8221;1\/3&#8243;][vc_column_text]<\/p>\n<ul>\n<li><strong>Dr. Ad Kil <\/strong>&#8211; Wittenborg University of Applied Sciences, the Netherlands<\/li>\n<li><strong>Dr. Alexander Bauer<\/strong> &#8211; Wittenborg University of Applied Sciences, the Netherlands<\/li>\n<li><strong>Dr. Alisha Ali<\/strong> &#8211; Sheffield Hallam University, the United Kingdom<\/li>\n<li><strong>Dr. Amit Sharma<\/strong> &#8211; Penn State\u00a0University, the United States<\/li>\n<li><strong>Dr. Anders Justenlund<\/strong> &#8211; University College of Northern Denmark, Denmark<\/li>\n<li><strong>Dr. Andrea Saayman<\/strong> &#8211; North-West University, South Africa<\/li>\n<li><strong>Dr. Annette Kappert<\/strong> \u2013 Breda University of Applied Sciences, the Netherlands<\/li>\n<li><strong>Dr. Arjan van Rheede<\/strong> &#8211; Hotelschool The Hague, the Netherlands<\/li>\n<li><strong>Mr. Bert Meeuwsen<\/strong> \u2013 Wittenborg University of Applied Sciences, the Netherlands<\/li>\n<li><strong>Dr. Bojan Georgievski<\/strong> &#8211; Wittenborg University of Applied Sciences, the Netherlands<\/li>\n<li><strong>Dr. Bojana Kalenjuk Pivarski<\/strong> &#8211; Department of Geography, Tourism and Hotel Management Faculty of Sciences, University of Novi Sad, Serbia<\/li>\n<li><strong>Prof. Brenda Groen<\/strong> \u2013 Saxion University of Applied Sciences, the Netherlands<\/li>\n<li><strong>Dr. Bruno Eeckels &#8211; <\/strong>New York University, Tisch Center of Hospitality, the United States<\/li>\n<li><strong>Dr. Carole Sox<\/strong> &#8211; Columbia College, the United States<\/li>\n<li><strong>Dr. Clare Hindley<\/strong> &#8211; IU International University of Applied Sciences, Germany<\/li>\n<li><strong>Ms. Daniela Wagner<\/strong> &#8211; FHWien der WKW, Austria<\/li>\n<li><strong>Prof. Danny Han &#8211; <\/strong>Zuyd University of Applied Sciences, the Netherland<\/li>\n<li><strong>Mr. Dennis Grauslund<\/strong> &#8211; University College of Northern Denmark, Denmark<\/li>\n<li><strong>Dr. Detta Melia <\/strong>&#8211; Technological University\u00a0Dublin, Ireland<\/li>\n<li><strong>Dr. Doron Zilbershtein<\/strong> \u2013 Wittenborg University of Applied Sciences, the Netherlands<\/li>\n<li><strong>Dr. Eda Gurel <\/strong>\u2013 Bilkent University, Turkey<\/li>\n<li><strong>Dr. Elizabeth Ineson<\/strong> &#8211; Manchester Metropolitan University, the United Kingdom<\/li>\n<li><strong>Dr. Elizna Burger<\/strong> &#8211; Vaal University of Technology, South Africa<\/li>\n<li><strong>Mr. Emmanuel Gamor<\/strong> &#8211; Koforidua Technical University, The Hong Kong Polytechnic University, Hong Kong<\/li>\n<\/ul>\n<p>[\/vc_column_text][\/vc_column][vc_column width=&#8221;1\/3&#8243;][vc_column_text]<\/p>\n<ul>\n<li><strong>Dr. Erwin Losekoot<\/strong> \u2013 NHL Stenden University of Applied Sciences, the Netherlands<\/li>\n<li><strong>Dr. Florian Aubke<\/strong> &#8211; FHWien der WKW, Austria<\/li>\n<li><strong>Dr. Fred Mayo &#8211; <\/strong>New York University \u2013 the United States (R)<\/li>\n<li><strong>Dr. Fouzia Ajmal<\/strong> &#8211; International Islamic University Islamabad Pakistan, Pakistan<\/li>\n<li><strong>Mr. George Bosire<\/strong> &#8211; Wittenborg University of Applied Sciences, the Netherlands<\/li>\n<li><strong>Dr. Hema Kesa<\/strong> &#8211; University of Johannesburg, South Africa<\/li>\n<li><strong>Dr. Henri Kuokkanen<\/strong> &#8211; Institut Paul Bocuse, France<\/li>\n<li><strong>Dr. H. Kader \u015eanl\u0131\u00f6z \u00d6zgen<\/strong> &#8211; \u00d6zye\u011fin University, Turkey<\/li>\n<li><strong>Dr. Iride Azara<\/strong> &#8211; University of Derby, the United Kingdom<\/li>\n<li><strong>Prof. Ishmael Mensah<\/strong> &#8211; University of Cape Coast, Gana<\/li>\n<li><strong>Dr. JungYun Christine Hur<\/strong> &#8211; California State University Sacramento, the United States<\/li>\n<li><strong>Dr. June Clarke <\/strong>&#8211; Delaware State University, the United States<\/li>\n<li><strong>Dr. Lenna Shulga<\/strong> &#8211; University of Hawaii at Manoa, School of Travel Industry Management, Shidler College of Business, the United States<\/li>\n<li><strong>Dr. Li Ding<\/strong> &#8211; Institut Paul Bocuse, France<\/li>\n<li><strong>Ms. Lucy Omwoha &#8211;<\/strong> \u2013 Wittenborg University of Applied Sciences, the Netherlands<\/li>\n<li><strong>Dr. Luis Pereira<\/strong> &#8211; University of Algarve, Portugal<\/li>\n<li><strong>Dr. Lyn Fawcett<\/strong> \u2013 Consultant, Ireland<\/li>\n<li><strong>Dr. Maarja Kaaristo<\/strong> \u2013 Manchester Metropolitan University, the United Kingdom<\/li>\n<li><strong>Dr. Mariana Aldrigui<\/strong> \u2013 Universidade de S\u00e3o Paulo (USP), Brazil<\/li>\n<li><strong>Prof. Marianna Sigala<\/strong> &#8211; University of Piraeus, Greece<\/li>\n<li><strong>Dr. Marissa Orlowski<\/strong> &#8211; MV Hospitality Solutions, LLC, the United States<\/li>\n<li><strong>Dr. Maarja Kaaristo<\/strong> &#8211; Manchester Metropolitan University, the United Kingdom<\/li>\n<li><strong>Dr. Mats Carlback<\/strong> &#8211; \u00d6rebro University, Sweden<\/li>\n<li><strong>Ms. Maud Meijers<\/strong> &#8211; Zuyd University of Applied Sciences | Hotel Management School Maastricht, the Netherlands<\/li>\n<li><strong>Ms. Myra Qiu<\/strong> &#8211; Wittenborg University of Applied Sciences, the Netherlands<\/li>\n<\/ul>\n<p>[\/vc_column_text][\/vc_column][vc_column width=&#8221;1\/3&#8243;][vc_column_text]<\/p>\n<ul>\n<li><strong>Dr. Mustafa Uc<\/strong> &#8211; Wittenborg University of Applied Sciences, the Netherlands<\/li>\n<li><strong>Prof. Olgun Cicek<\/strong> \u2013 Y\u00f6dak (Higher Education Council), N. Cyprus<\/li>\n<li><strong>Mr. Pasi Tuominen<\/strong> &#8211; Haaga-Helia UAS, Finland<\/li>\n<li><strong>Dr. Rauf Abdul &#8211;<\/strong> Wittenborg University of Applied Sciences, the Netherlands<\/li>\n<li><strong>Prof. Ronald Tuninga<\/strong> \u2013 Wittenborg University of Applied Sciences, the Netherlands<\/li>\n<li><strong>Mr. Ren\u00e9 Rijnders<\/strong> &#8211; Wittenborg University of Applied Sciences, the Netherlands<\/li>\n<li><strong>Dr. Sann Raksmey<\/strong> &#8211; Khon Kaen University, Thailand<\/li>\n<li><strong>Mr. Seth Lewis<\/strong> &#8211; Coventry University London, the United Kingdom<\/li>\n<li><strong>Dr. Serena Lucrezi<\/strong> &#8211; North-West University, South Africa<\/li>\n<li><strong>Dr. Stephen Rhoden<\/strong> &#8211; Manchester Metropolitan University, the United Kingdom<\/li>\n<li><strong>Ms. Sofia Rebelo<\/strong> &#8211; RebelSolutions and Middlesbrough College, the United Kingdom<\/li>\n<li><strong>Ms. Olga Kampaxi<\/strong> &#8211; University College Birmingham, the United Kingdom<\/li>\n<li><strong>Prof. Oswin Maurer<\/strong> &#8211; Faculty of Economics and Management, University of Bozen-Bolzano, Italy<\/li>\n<li><strong>Ms. Rai Shacklock<\/strong> \u2013 EuroCHRIE, the United Kingdom<\/li>\n<li><strong>Mrs. Egi Gaisi<\/strong> \u2013 Helpd Support Services<\/li>\n<li><strong>Dr. Taoufik Samaka<\/strong> \u2013 Wittenborg University of Applied Sciences, the Netherlands<\/li>\n<li><strong>Ms. Timothy Flohr<\/strong> &#8211; University of Memphis, The United States<\/li>\n<li><strong>Ms. Trisha Dwyer <\/strong>&#8211; Researcher at MBIE &#8211; Ministry of Business Innovation and Employment, New Zealand<\/li>\n<li><strong>Dr. Vanessa de Oliveira Menezes<\/strong> &#8211; Wittenborg University of Applied Sciences, the Netherlands<\/li>\n<li><strong>Dr. Viet Dung Trinh<\/strong> &#8211; International University &#8211; Vietnam National University HCMC, Vietnam<\/li>\n<li><strong>Dr. Xavier Matteucci<\/strong> &#8211; FHWien der WKW, Austria<\/li>\n<li><strong>Dr. Xander Lub &#8211; <\/strong>HU Utrecht University of Applied Sciences, the Netherlands<\/li>\n<li><strong>Dr. William Thibodeaux \u2013 <\/strong>Nicholls State University, the United States<\/li>\n<li><strong>Dr. Willy Legrand<\/strong> &#8211; IU International University of Applied Sciences, Germany<\/li>\n<li><strong>Ms. Yan (Grace) Zhong &#8211; <\/strong>Virginia State University, the United States<\/li>\n<\/ul>\n<p>[\/vc_column_text][\/vc_column][\/vc_row]<\/p>\n","protected":false},"excerpt":{"rendered":"<p>[vc_row full_width=&#8221;stretch_row_content_no_spaces&#8221; el_class=&#8221;maxheightbanner&#8221;][vc_column][cs_banner style=&#8221;with_breadcrumbs&#8221; enable_breadcrumbs=&#8221;on&#8221; breadcrumbs=&#8221;%5B%7B%22item%22%3A%22url%3Ahttps%253A%252F%252Feurochrie.org%252F2022%252Fpaper-poster-reviewers%252F%7Ctitle%3APaper%2520%2526%2520Poster%2520Reviewers%22%7D%5D&#8221; title=&#8221;List of Paper Reviewers&#8221; bg_image=&#8221;4226&#8243;][\/vc_column][\/vc_row][vc_row full_width=&#8221;stretch_row_content_no_spaces&#8221; disable_element=&#8221;yes&#8221; css=&#8221;.vc_custom_1656326309880{margin-top: 40px !important;margin-bottom: 20px !important;}&#8221;][vc_column][cs_headings style=&#8221;classic_btn&#8221; text_align=&#8221;text-center&#8221; enable_text_color=&#8221;on&#8221; title=&#8221;List &#8230;<\/p>\n","protected":false},"author":1,"featured_media":0,"parent":4998,"menu_order":0,"comment_status":"closed","ping_status":"closed","template":"","meta":{"footnotes":""},"class_list":["post-6585","page","type-page","status-publish","hentry"],"featured_image_src":null,"featured_image_src_square":null,"_links":{"self":[{"href":"https:\/\/eurochrie.org\/2022\/wp-json\/wp\/v2\/pages\/6585","targetHints":{"allow":["GET"]}}],"collection":[{"href":"https:\/\/eurochrie.org\/2022\/wp-json\/wp\/v2\/pages"}],"about":[{"href":"https:\/\/eurochrie.org\/2022\/wp-json\/wp\/v2\/types\/page"}],"author":[{"embeddable":true,"href":"https:\/\/eurochrie.org\/2022\/wp-json\/wp\/v2\/users\/1"}],"replies":[{"embeddable":true,"href":"https:\/\/eurochrie.org\/2022\/wp-json\/wp\/v2\/comments?post=6585"}],"version-history":[{"count":47,"href":"https:\/\/eurochrie.org\/2022\/wp-json\/wp\/v2\/pages\/6585\/revisions"}],"predecessor-version":[{"id":7460,"href":"https:\/\/eurochrie.org\/2022\/wp-json\/wp\/v2\/pages\/6585\/revisions\/7460"}],"up":[{"embeddable":true,"href":"https:\/\/eurochrie.org\/2022\/wp-json\/wp\/v2\/pages\/4998"}],"wp:attachment":[{"href":"https:\/\/eurochrie.org\/2022\/wp-json\/wp\/v2\/media?parent=6585"}],"curies":[{"name":"wp","href":"https:\/\/api.w.org\/{rel}","templated":true}]}}